{"id":369,"date":"2018-04-04T13:30:02","date_gmt":"2018-04-04T13:30:02","guid":{"rendered":"http:\/\/inukabakery.org\/?page_id=369"},"modified":"2020-03-09T09:35:49","modified_gmt":"2020-03-09T09:35:49","slug":"get-involved","status":"publish","type":"page","link":"https:\/\/inukabakeryandworkshop.org\/de\/get-involved\/","title":{"rendered":"Bitte beteiligt Euch! Oder Machen Sie mit!"},"content":{"rendered":"<strong>\u00a0<\/strong>Nur durch Ihre Hilfe ist es m\u00f6glich, dass zu tun, was wir machen und damit den Behinderten in Tansania eine Chance zu geben. Weiter unten k\u00f6nnen Sie erfahren, wie Sie helfen k\u00f6nnen entweder durch Ihre Spende oder Ihre eigenen Initiative.<\/p>\n<p><strong>Spenden<\/strong><\/p>\n<p>Sie m\u00f6chten das Inuka B\u00e4ckerei-Projekt mit einer einmaligen Spende oder mit einer regelm\u00e4\u00dfigen Zuwendung unterst\u00fctzen? Das ist m\u00f6glich, klicken Sie einfach \u201eSpenden\u201c an.<\/p>\n<p><strong>Beten Sie mit uns<\/strong><\/p>\n<p>Begleiten Sie uns bitte im Gebet f\u00fcr all die behinderten Frauen, M\u00e4nner und Kinder im Land. Unsere gemeinsamen Gebete sind m\u00e4chtiger als alles andere und zeigen ganz deutlich unsere Unterst\u00fctzung f\u00fcr unsere Br\u00fcder und Schwestern auf der ganzen Welt.<\/p>\n<p>Bitte beten Sie, dass das Inuka B\u00e4ckerei-Projekt zu einem Erfolg wird. M\u00f6ge es dazu dienen, den behinderten Menschen die in diesem Projekt arbeiten, ein regelm\u00e4\u00dfiges eigenes Einkommen zu verschaffen und sie erkennen, dass sie wertvolle und geliebte Kinder Gottes sind.<\/p>\n<p><strong>Helfen Sie Spenden zu sammeln <\/strong><\/p>\n<p>Es gibt viele Wege uns zu unterst\u00fctzen: Selbst gebackenen Kuchen verkaufen, Autos waschen, Karaoke Abende\u2026 der Phantasie sind keine Grenzen gesetzt um unser Projekt zu unterst\u00fctzen. Helfen Sie gemeinsam mit Ihren Freunden, den Nachbarn oder Ihrer Kirchengemeinde.<\/p>\n<p><strong>Sprechen Sie mit Ihren Kollegen und Kolleginnen<\/strong><\/p>\n<p>Erz\u00e4hlen Sie anderen von INUKA. Vielleicht organisieren sie eine Veranstaltung in ihrer Firma oder \u00a0gewinnen ihren Arbeitgeber f\u00fcr unser Projekt.<\/p>\n<p><strong>Laden Sie uns ein<\/strong><\/p>\n<p>Jederzeit sind wir bereit zu Ihnen zu kommen, um \u00fcber das Inuka Projekt zu informieren.<\/p>\n<p>Erfahren Sie mehr \u00fcber die B\u00e4ckerei und die Menschen die wir unterst\u00fctzen.<\/p>\n<p>Auf dieser website k\u00f6nnen Sie uns direkt kontaktieren. Wir kommen gerne in Ihre Kirchengemeinde, in Ihre Firma, oder Ihre Jugendgruppe.","protected":false},"excerpt":{"rendered":"<p>\u00a0Nur durch Ihre Hilfe ist es m\u00f6glich, dass zu tun, was wir machen und damit den Behinderten in Tansania eine Chance zu geben. Weiter unten k\u00f6nnen Sie erfahren, wie Sie helfen k\u00f6nnen entweder durch Ihre Spende oder Ihre eigenen Initiative. Spenden Sie m\u00f6chten das Inuka B\u00e4ckerei-Projekt mit einer einmaligen Spende oder mit einer regelm\u00e4\u00dfigen Zuwendung &#8230; <a title=\"Bitte beteiligt Euch! Oder Machen Sie mit!\" class=\"read-more\" href=\"https:\/\/inukabakeryandworkshop.org\/de\/get-involved\/\">Weiterlesen <span class=\"screen-reader-text\">Bitte beteiligt Euch! Oder Machen Sie mit!<\/span><\/a><\/p>\n","protected":false},"author":2,"featured_media":0,"parent":0,"menu_order":0,"comment_status":"closed","ping_status":"closed","template":"","meta":{"footnotes":""},"class_list":["post-369","page","type-page","status-publish"],"_links":{"self":[{"href":"https:\/\/inukabakeryandworkshop.org\/de\/wp-json\/wp\/v2\/pages\/369","targetHints":{"allow":["GET"]}}],"collection":[{"href":"https:\/\/inukabakeryandworkshop.org\/de\/wp-json\/wp\/v2\/pages"}],"about":[{"href":"https:\/\/inukabakeryandworkshop.org\/de\/wp-json\/wp\/v2\/types\/page"}],"author":[{"embeddable":true,"href":"https:\/\/inukabakeryandworkshop.org\/de\/wp-json\/wp\/v2\/users\/2"}],"replies":[{"embeddable":true,"href":"https:\/\/inukabakeryandworkshop.org\/de\/wp-json\/wp\/v2\/comments?post=369"}],"version-history":[{"count":12,"href":"https:\/\/inukabakeryandworkshop.org\/de\/wp-json\/wp\/v2\/pages\/369\/revisions"}],"predecessor-version":[{"id":564,"href":"https:\/\/inukabakeryandworkshop.org\/de\/wp-json\/wp\/v2\/pages\/369\/revisions\/564"}],"wp:attachment":[{"href":"https:\/\/inukabakeryandworkshop.org\/de\/wp-json\/wp\/v2\/media?parent=369"}],"curies":[{"name":"wp","href":"https:\/\/api.w.org\/{rel}","templated":true}]}}